{"id":7310,"date":"2022-08-05T01:02:11","date_gmt":"2022-08-05T01:02:11","guid":{"rendered":"https:\/\/dxc-wpml.site.findly.com\/?page_id=7310"},"modified":"2025-11-04T06:41:08","modified_gmt":"2025-11-04T06:41:08","slug":"join","status":"publish","type":"page","link":"https:\/\/careers.dxc.com\/fr\/profile\/join\/","title":{"rendered":"Join Our Talent Network &#8211; French"},"content":{"rendered":"<div id=\"sessionNotificationContainer\"><\/div>\n<div id=\"genericContainer\"><\/div>\n<div ng-view><\/div>\n","protected":false},"excerpt":{"rendered":"","protected":false},"author":1997,"featured_media":0,"parent":7292,"menu_order":0,"comment_status":"closed","ping_status":"closed","template":"100-width.php","meta":{"_acf_changed":false,"footnotes":""},"persona":[],"class_list":["post-7310","page","type-page","status-publish","hentry"],"yoast_head":"<!-- This site is optimized with the Yoast SEO Premium plugin v23.0 (Yoast SEO v23.0) - https:\/\/yoast.com\/wordpress\/plugins\/seo\/ -->\n<title>Rejoignez notre communaut\u00e9 Talent | Emplois DXC Techology<\/title>\n<meta name=\"description\" content=\"Rejoignez notre Talent Community chez DXC Technology pour d\u00e9couvrir des opportunit\u00e9s de carri\u00e8re, recevoir des mises \u00e0 jour et explorer des emplois correspondant \u00e0 vos objectifs.\" \/>\n<meta name=\"robots\" content=\"index, follow, max-snippet:-1, max-image-preview:large, max-video-preview:-1\" \/>\n<link rel=\"canonical\" href=\"https:\/\/careers.dxc.com\/fr\/profile\/join\/\" \/>\n<meta property=\"og:locale\" content=\"fr_FR\" \/>\n<meta property=\"og:type\" content=\"article\" \/>\n<meta property=\"og:title\" content=\"Join Our Talent Network - French\" \/>\n<meta property=\"og:description\" content=\"Rejoignez notre Talent Community chez DXC Technology pour d\u00e9couvrir des opportunit\u00e9s de carri\u00e8re, recevoir des mises \u00e0 jour et explorer des emplois correspondant \u00e0 vos objectifs.\" \/>\n<meta property=\"og:url\" content=\"https:\/\/careers.dxc.com\/fr\/profile\/join\/\" \/>\n<meta property=\"og:site_name\" content=\"dxc\" \/>\n<meta property=\"article:modified_time\" content=\"2025-11-04T06:41:08+00:00\" \/>\n<meta property=\"og:image\" content=\"https:\/\/careers.dxc.com\/wp-content\/uploads\/sites\/3790\/2025\/12\/DXC-Full-Color.png\" \/>\n\t<meta property=\"og:image:width\" content=\"1290\" \/>\n\t<meta property=\"og:image:height\" content=\"360\" \/>\n\t<meta property=\"og:image:type\" content=\"image\/png\" \/>\n<meta name=\"twitter:card\" content=\"summary_large_image\" \/>\n<script type=\"application\/ld+json\" class=\"yoast-schema-graph\">{\"@context\":\"https:\/\/schema.org\",\"@graph\":[{\"@type\":\"WebPage\",\"@id\":\"https:\/\/careers.dxc.com\/fr\/profile\/join\/\",\"url\":\"https:\/\/careers.dxc.com\/fr\/profile\/join\/\",\"name\":\"Rejoignez notre communaut\u00e9 Talent | Emplois DXC Techology\",\"isPartOf\":{\"@id\":\"https:\/\/dxc.site.findly.com\/#website\"},\"datePublished\":\"2022-08-05T01:02:11+00:00\",\"dateModified\":\"2025-11-04T06:41:08+00:00\",\"description\":\"Rejoignez notre Talent Community chez DXC Technology pour d\u00e9couvrir des opportunit\u00e9s de carri\u00e8re, recevoir des mises \u00e0 jour et explorer des emplois correspondant \u00e0 vos objectifs.\",\"breadcrumb\":{\"@id\":\"https:\/\/careers.dxc.com\/fr\/profile\/join\/#breadcrumb\"},\"inLanguage\":\"fr-FR\",\"potentialAction\":[{\"@type\":\"ReadAction\",\"target\":[\"https:\/\/careers.dxc.com\/fr\/profile\/join\/\"]}]},{\"@type\":\"BreadcrumbList\",\"@id\":\"https:\/\/careers.dxc.com\/fr\/profile\/join\/#breadcrumb\",\"itemListElement\":[{\"@type\":\"ListItem\",\"position\":1,\"name\":\"Home\",\"item\":\"https:\/\/careers.dxc.com\/fr\/\"},{\"@type\":\"ListItem\",\"position\":2,\"name\":\"Profile\",\"item\":\"https:\/\/careers.dxc.com\/fr\/profile\/\"},{\"@type\":\"ListItem\",\"position\":3,\"name\":\"Join Our Talent Network &#8211; French\"}]},{\"@type\":\"WebSite\",\"@id\":\"https:\/\/dxc.site.findly.com\/#website\",\"url\":\"https:\/\/dxc.site.findly.com\/\",\"name\":\"Symphony Talent Model Site 1\",\"description\":\"Symphony Talent - Express\",\"potentialAction\":[{\"@type\":\"SearchAction\",\"target\":{\"@type\":\"EntryPoint\",\"urlTemplate\":\"https:\/\/dxc.site.findly.com\/?s={search_term_string}\"},\"query-input\":\"required name=search_term_string\"}],\"inLanguage\":\"fr-FR\"}]}<\/script>\n<!-- \/ Yoast SEO Premium plugin. -->","yoast_head_json":{"title":"Rejoignez notre communaut\u00e9 Talent | Emplois DXC Techology","description":"Rejoignez notre Talent Community chez DXC Technology pour d\u00e9couvrir des opportunit\u00e9s de carri\u00e8re, recevoir des mises \u00e0 jour et explorer des emplois correspondant \u00e0 vos objectifs.","robots":{"index":"index","follow":"follow","max-snippet":"max-snippet:-1","max-image-preview":"max-image-preview:large","max-video-preview":"max-video-preview:-1"},"canonical":"https:\/\/careers.dxc.com\/fr\/profile\/join\/","og_locale":"fr_FR","og_type":"article","og_title":"Join Our Talent Network - French","og_description":"Rejoignez notre Talent Community chez DXC Technology pour d\u00e9couvrir des opportunit\u00e9s de carri\u00e8re, recevoir des mises \u00e0 jour et explorer des emplois correspondant \u00e0 vos objectifs.","og_url":"https:\/\/careers.dxc.com\/fr\/profile\/join\/","og_site_name":"dxc","article_modified_time":"2025-11-04T06:41:08+00:00","og_image":[{"width":1290,"height":360,"url":"https:\/\/careers.dxc.com\/wp-content\/uploads\/sites\/3790\/2025\/12\/DXC-Full-Color.png","type":"image\/png"}],"twitter_card":"summary_large_image","schema":{"@context":"https:\/\/schema.org","@graph":[{"@type":"WebPage","@id":"https:\/\/careers.dxc.com\/fr\/profile\/join\/","url":"https:\/\/careers.dxc.com\/fr\/profile\/join\/","name":"Rejoignez notre communaut\u00e9 Talent | Emplois DXC Techology","isPartOf":{"@id":"https:\/\/dxc.site.findly.com\/#website"},"datePublished":"2022-08-05T01:02:11+00:00","dateModified":"2025-11-04T06:41:08+00:00","description":"Rejoignez notre Talent Community chez DXC Technology pour d\u00e9couvrir des opportunit\u00e9s de carri\u00e8re, recevoir des mises \u00e0 jour et explorer des emplois correspondant \u00e0 vos objectifs.","breadcrumb":{"@id":"https:\/\/careers.dxc.com\/fr\/profile\/join\/#breadcrumb"},"inLanguage":"fr-FR","potentialAction":[{"@type":"ReadAction","target":["https:\/\/careers.dxc.com\/fr\/profile\/join\/"]}]},{"@type":"BreadcrumbList","@id":"https:\/\/careers.dxc.com\/fr\/profile\/join\/#breadcrumb","itemListElement":[{"@type":"ListItem","position":1,"name":"Home","item":"https:\/\/careers.dxc.com\/fr\/"},{"@type":"ListItem","position":2,"name":"Profile","item":"https:\/\/careers.dxc.com\/fr\/profile\/"},{"@type":"ListItem","position":3,"name":"Join Our Talent Network &#8211; French"}]},{"@type":"WebSite","@id":"https:\/\/dxc.site.findly.com\/#website","url":"https:\/\/dxc.site.findly.com\/","name":"Symphony Talent Model Site 1","description":"Symphony Talent - Express","potentialAction":[{"@type":"SearchAction","target":{"@type":"EntryPoint","urlTemplate":"https:\/\/dxc.site.findly.com\/?s={search_term_string}"},"query-input":"required name=search_term_string"}],"inLanguage":"fr-FR"}]}},"acf":[],"_links":{"self":[{"href":"https:\/\/careers.dxc.com\/fr\/wp-json\/wp\/v2\/pages\/7310","targetHints":{"allow":["GET"]}}],"collection":[{"href":"https:\/\/careers.dxc.com\/fr\/wp-json\/wp\/v2\/pages"}],"about":[{"href":"https:\/\/careers.dxc.com\/fr\/wp-json\/wp\/v2\/types\/page"}],"author":[{"embeddable":true,"href":"https:\/\/careers.dxc.com\/fr\/wp-json\/wp\/v2\/users\/1997"}],"replies":[{"embeddable":true,"href":"https:\/\/careers.dxc.com\/fr\/wp-json\/wp\/v2\/comments?post=7310"}],"version-history":[{"count":8,"href":"https:\/\/careers.dxc.com\/fr\/wp-json\/wp\/v2\/pages\/7310\/revisions"}],"predecessor-version":[{"id":8512,"href":"https:\/\/careers.dxc.com\/fr\/wp-json\/wp\/v2\/pages\/7310\/revisions\/8512"}],"up":[{"embeddable":true,"href":"https:\/\/careers.dxc.com\/fr\/wp-json\/wp\/v2\/pages\/7292"}],"wp:attachment":[{"href":"https:\/\/careers.dxc.com\/fr\/wp-json\/wp\/v2\/media?parent=7310"}],"wp:term":[{"taxonomy":"persona","embeddable":true,"href":"https:\/\/careers.dxc.com\/fr\/wp-json\/wp\/v2\/persona?post=7310"}],"curies":[{"name":"wp","href":"https:\/\/api.w.org\/{rel}","templated":true}]}}