{"id":7339,"date":"2022-08-05T01:02:11","date_gmt":"2022-08-05T01:02:11","guid":{"rendered":"https:\/\/dxc-wpml.site.findly.com\/?page_id=7339"},"modified":"2025-10-15T01:19:46","modified_gmt":"2025-10-15T01:19:46","slug":"thank-you","status":"publish","type":"page","link":"https:\/\/careers.dxc.com\/fr\/profile\/thank-you\/","title":{"rendered":"Thank you &#8211; French"},"content":{"rendered":"<div id=\"sessionNotificationContainer\"><\/div>\n<div id=\"genericContainer\"><\/div>\n<div ng-view><\/div>\n","protected":false},"excerpt":{"rendered":"","protected":false},"author":1997,"featured_media":0,"parent":7292,"menu_order":0,"comment_status":"closed","ping_status":"closed","template":"","meta":{"_acf_changed":false,"footnotes":""},"persona":[],"class_list":["post-7339","page","type-page","status-publish","hentry"],"yoast_head":"<!-- This site is optimized with the Yoast SEO Premium plugin v23.0 (Yoast SEO v23.0) - https:\/\/yoast.com\/wordpress\/plugins\/seo\/ -->\n<title>Confirmation d\u2019inscription \u00e0 la Talent Community \\ Offres d\u2019emploi DXC Technology<\/title>\n<meta name=\"description\" content=\"Bienvenue dans notre Talent Community. Votre inscription est confirm\u00e9e et vous recevrez d\u00e9sormais des mises \u00e0 jour et opportunit\u00e9s correspondant \u00e0 vos int\u00e9r\u00eats.\" \/>\n<meta name=\"robots\" content=\"index, follow, max-snippet:-1, max-image-preview:large, max-video-preview:-1\" \/>\n<link rel=\"canonical\" href=\"https:\/\/careers.dxc.com\/fr\/profile\/thank-you\/\" \/>\n<meta property=\"og:locale\" content=\"fr_FR\" \/>\n<meta property=\"og:type\" content=\"article\" \/>\n<meta property=\"og:title\" content=\"Thank you - French\" \/>\n<meta property=\"og:description\" content=\"Bienvenue dans notre Talent Community. Votre inscription est confirm\u00e9e et vous recevrez d\u00e9sormais des mises \u00e0 jour et opportunit\u00e9s correspondant \u00e0 vos int\u00e9r\u00eats.\" \/>\n<meta property=\"og:url\" content=\"https:\/\/careers.dxc.com\/fr\/profile\/thank-you\/\" \/>\n<meta property=\"og:site_name\" content=\"dxc\" \/>\n<meta property=\"article:modified_time\" content=\"2025-10-15T01:19:46+00:00\" \/>\n<meta property=\"og:image\" content=\"https:\/\/careers.dxc.com\/wp-content\/uploads\/sites\/3790\/2025\/12\/DXC-Full-Color.png\" \/>\n\t<meta property=\"og:image:width\" content=\"1290\" \/>\n\t<meta property=\"og:image:height\" content=\"360\" \/>\n\t<meta property=\"og:image:type\" content=\"image\/png\" \/>\n<meta name=\"twitter:card\" content=\"summary_large_image\" \/>\n<script type=\"application\/ld+json\" class=\"yoast-schema-graph\">{\"@context\":\"https:\/\/schema.org\",\"@graph\":[{\"@type\":\"WebPage\",\"@id\":\"https:\/\/careers.dxc.com\/fr\/profile\/thank-you\/\",\"url\":\"https:\/\/careers.dxc.com\/fr\/profile\/thank-you\/\",\"name\":\"Confirmation d\u2019inscription \u00e0 la Talent Community \\\\ Offres d\u2019emploi DXC Technology\",\"isPartOf\":{\"@id\":\"https:\/\/dxc.site.findly.com\/#website\"},\"datePublished\":\"2022-08-05T01:02:11+00:00\",\"dateModified\":\"2025-10-15T01:19:46+00:00\",\"description\":\"Bienvenue dans notre Talent Community. Votre inscription est confirm\u00e9e et vous recevrez d\u00e9sormais des mises \u00e0 jour et opportunit\u00e9s correspondant \u00e0 vos int\u00e9r\u00eats.\",\"breadcrumb\":{\"@id\":\"https:\/\/careers.dxc.com\/fr\/profile\/thank-you\/#breadcrumb\"},\"inLanguage\":\"fr-FR\",\"potentialAction\":[{\"@type\":\"ReadAction\",\"target\":[\"https:\/\/careers.dxc.com\/fr\/profile\/thank-you\/\"]}]},{\"@type\":\"BreadcrumbList\",\"@id\":\"https:\/\/careers.dxc.com\/fr\/profile\/thank-you\/#breadcrumb\",\"itemListElement\":[{\"@type\":\"ListItem\",\"position\":1,\"name\":\"Home\",\"item\":\"https:\/\/careers.dxc.com\/fr\/\"},{\"@type\":\"ListItem\",\"position\":2,\"name\":\"Profile\",\"item\":\"https:\/\/careers.dxc.com\/fr\/profile\/\"},{\"@type\":\"ListItem\",\"position\":3,\"name\":\"Thank you &#8211; French\"}]},{\"@type\":\"WebSite\",\"@id\":\"https:\/\/dxc.site.findly.com\/#website\",\"url\":\"https:\/\/dxc.site.findly.com\/\",\"name\":\"Symphony Talent Model Site 1\",\"description\":\"Symphony Talent - Express\",\"potentialAction\":[{\"@type\":\"SearchAction\",\"target\":{\"@type\":\"EntryPoint\",\"urlTemplate\":\"https:\/\/dxc.site.findly.com\/?s={search_term_string}\"},\"query-input\":\"required name=search_term_string\"}],\"inLanguage\":\"fr-FR\"}]}<\/script>\n<!-- \/ Yoast SEO Premium plugin. -->","yoast_head_json":{"title":"Confirmation d\u2019inscription \u00e0 la Talent Community \\ Offres d\u2019emploi DXC Technology","description":"Bienvenue dans notre Talent Community. Votre inscription est confirm\u00e9e et vous recevrez d\u00e9sormais des mises \u00e0 jour et opportunit\u00e9s correspondant \u00e0 vos int\u00e9r\u00eats.","robots":{"index":"index","follow":"follow","max-snippet":"max-snippet:-1","max-image-preview":"max-image-preview:large","max-video-preview":"max-video-preview:-1"},"canonical":"https:\/\/careers.dxc.com\/fr\/profile\/thank-you\/","og_locale":"fr_FR","og_type":"article","og_title":"Thank you - French","og_description":"Bienvenue dans notre Talent Community. Votre inscription est confirm\u00e9e et vous recevrez d\u00e9sormais des mises \u00e0 jour et opportunit\u00e9s correspondant \u00e0 vos int\u00e9r\u00eats.","og_url":"https:\/\/careers.dxc.com\/fr\/profile\/thank-you\/","og_site_name":"dxc","article_modified_time":"2025-10-15T01:19:46+00:00","og_image":[{"width":1290,"height":360,"url":"https:\/\/careers.dxc.com\/wp-content\/uploads\/sites\/3790\/2025\/12\/DXC-Full-Color.png","type":"image\/png"}],"twitter_card":"summary_large_image","schema":{"@context":"https:\/\/schema.org","@graph":[{"@type":"WebPage","@id":"https:\/\/careers.dxc.com\/fr\/profile\/thank-you\/","url":"https:\/\/careers.dxc.com\/fr\/profile\/thank-you\/","name":"Confirmation d\u2019inscription \u00e0 la Talent Community \\ Offres d\u2019emploi DXC Technology","isPartOf":{"@id":"https:\/\/dxc.site.findly.com\/#website"},"datePublished":"2022-08-05T01:02:11+00:00","dateModified":"2025-10-15T01:19:46+00:00","description":"Bienvenue dans notre Talent Community. Votre inscription est confirm\u00e9e et vous recevrez d\u00e9sormais des mises \u00e0 jour et opportunit\u00e9s correspondant \u00e0 vos int\u00e9r\u00eats.","breadcrumb":{"@id":"https:\/\/careers.dxc.com\/fr\/profile\/thank-you\/#breadcrumb"},"inLanguage":"fr-FR","potentialAction":[{"@type":"ReadAction","target":["https:\/\/careers.dxc.com\/fr\/profile\/thank-you\/"]}]},{"@type":"BreadcrumbList","@id":"https:\/\/careers.dxc.com\/fr\/profile\/thank-you\/#breadcrumb","itemListElement":[{"@type":"ListItem","position":1,"name":"Home","item":"https:\/\/careers.dxc.com\/fr\/"},{"@type":"ListItem","position":2,"name":"Profile","item":"https:\/\/careers.dxc.com\/fr\/profile\/"},{"@type":"ListItem","position":3,"name":"Thank you &#8211; French"}]},{"@type":"WebSite","@id":"https:\/\/dxc.site.findly.com\/#website","url":"https:\/\/dxc.site.findly.com\/","name":"Symphony Talent Model Site 1","description":"Symphony Talent - Express","potentialAction":[{"@type":"SearchAction","target":{"@type":"EntryPoint","urlTemplate":"https:\/\/dxc.site.findly.com\/?s={search_term_string}"},"query-input":"required name=search_term_string"}],"inLanguage":"fr-FR"}]}},"acf":[],"_links":{"self":[{"href":"https:\/\/careers.dxc.com\/fr\/wp-json\/wp\/v2\/pages\/7339","targetHints":{"allow":["GET"]}}],"collection":[{"href":"https:\/\/careers.dxc.com\/fr\/wp-json\/wp\/v2\/pages"}],"about":[{"href":"https:\/\/careers.dxc.com\/fr\/wp-json\/wp\/v2\/types\/page"}],"author":[{"embeddable":true,"href":"https:\/\/careers.dxc.com\/fr\/wp-json\/wp\/v2\/users\/1997"}],"replies":[{"embeddable":true,"href":"https:\/\/careers.dxc.com\/fr\/wp-json\/wp\/v2\/comments?post=7339"}],"version-history":[{"count":3,"href":"https:\/\/careers.dxc.com\/fr\/wp-json\/wp\/v2\/pages\/7339\/revisions"}],"predecessor-version":[{"id":7824,"href":"https:\/\/careers.dxc.com\/fr\/wp-json\/wp\/v2\/pages\/7339\/revisions\/7824"}],"up":[{"embeddable":true,"href":"https:\/\/careers.dxc.com\/fr\/wp-json\/wp\/v2\/pages\/7292"}],"wp:attachment":[{"href":"https:\/\/careers.dxc.com\/fr\/wp-json\/wp\/v2\/media?parent=7339"}],"wp:term":[{"taxonomy":"persona","embeddable":true,"href":"https:\/\/careers.dxc.com\/fr\/wp-json\/wp\/v2\/persona?post=7339"}],"curies":[{"name":"wp","href":"https:\/\/api.w.org\/{rel}","templated":true}]}}