{"id":7366,"date":"2022-08-05T01:02:11","date_gmt":"2022-08-05T01:02:11","guid":{"rendered":"https:\/\/dxc-wpml.site.findly.com\/?page_id=7366"},"modified":"2025-10-15T01:39:42","modified_gmt":"2025-10-15T01:39:42","slug":"thank-you","status":"publish","type":"page","link":"https:\/\/careers.dxc.com\/pt-pt\/profile\/thank-you\/","title":{"rendered":"Thank you &#8211; Portuguese"},"content":{"rendered":"<div id=\"sessionNotificationContainer\"><\/div>\n<div id=\"genericContainer\"><\/div>\n<div ng-view><\/div>\n","protected":false},"excerpt":{"rendered":"","protected":false},"author":1997,"featured_media":0,"parent":7296,"menu_order":0,"comment_status":"closed","ping_status":"closed","template":"","meta":{"_acf_changed":false,"footnotes":""},"persona":[],"class_list":["post-7366","page","type-page","status-publish","hentry"],"yoast_head":"<!-- This site is optimized with the Yoast SEO Premium plugin v23.0 (Yoast SEO v23.0) - https:\/\/yoast.com\/wordpress\/plugins\/seo\/ -->\n<title>Confirma\u00e7\u00e3o de Ades\u00e3o \u00e0 Comunidade de Talentos | Oportunidades na DXC Technology<\/title>\n<meta name=\"description\" content=\"Bem-vindo \u00e0 nossa Comunidade de Talentos. A sua ades\u00e3o foi confirmada e passar\u00e1 a receber atualiza\u00e7\u00f5es e oportunidades alinhadas com os seus interesses.\" \/>\n<meta name=\"robots\" content=\"index, follow, max-snippet:-1, max-image-preview:large, max-video-preview:-1\" \/>\n<link rel=\"canonical\" href=\"https:\/\/careers.dxc.com\/pt-pt\/profile\/thank-you\/\" \/>\n<meta property=\"og:locale\" content=\"pt_PT\" \/>\n<meta property=\"og:type\" content=\"article\" \/>\n<meta property=\"og:title\" content=\"Thank you - Portuguese\" \/>\n<meta property=\"og:description\" content=\"Bem-vindo \u00e0 nossa Comunidade de Talentos. A sua ades\u00e3o foi confirmada e passar\u00e1 a receber atualiza\u00e7\u00f5es e oportunidades alinhadas com os seus interesses.\" \/>\n<meta property=\"og:url\" content=\"https:\/\/careers.dxc.com\/pt-pt\/profile\/thank-you\/\" \/>\n<meta property=\"og:site_name\" content=\"dxc\" \/>\n<meta property=\"article:modified_time\" content=\"2025-10-15T01:39:42+00:00\" \/>\n<meta property=\"og:image\" content=\"https:\/\/careers.dxc.com\/wp-content\/uploads\/sites\/3790\/2025\/12\/DXC-Full-Color.png\" \/>\n\t<meta property=\"og:image:width\" content=\"1290\" \/>\n\t<meta property=\"og:image:height\" content=\"360\" \/>\n\t<meta property=\"og:image:type\" content=\"image\/png\" \/>\n<meta name=\"twitter:card\" content=\"summary_large_image\" \/>\n<script type=\"application\/ld+json\" class=\"yoast-schema-graph\">{\"@context\":\"https:\/\/schema.org\",\"@graph\":[{\"@type\":\"WebPage\",\"@id\":\"https:\/\/careers.dxc.com\/pt-pt\/profile\/thank-you\/\",\"url\":\"https:\/\/careers.dxc.com\/pt-pt\/profile\/thank-you\/\",\"name\":\"Confirma\u00e7\u00e3o de Ades\u00e3o \u00e0 Comunidade de Talentos | Oportunidades na DXC Technology\",\"isPartOf\":{\"@id\":\"https:\/\/dxc.site.findly.com\/#website\"},\"datePublished\":\"2022-08-05T01:02:11+00:00\",\"dateModified\":\"2025-10-15T01:39:42+00:00\",\"description\":\"Bem-vindo \u00e0 nossa Comunidade de Talentos. A sua ades\u00e3o foi confirmada e passar\u00e1 a receber atualiza\u00e7\u00f5es e oportunidades alinhadas com os seus interesses.\",\"breadcrumb\":{\"@id\":\"https:\/\/careers.dxc.com\/pt-pt\/profile\/thank-you\/#breadcrumb\"},\"inLanguage\":\"pt-PT\",\"potentialAction\":[{\"@type\":\"ReadAction\",\"target\":[\"https:\/\/careers.dxc.com\/pt-pt\/profile\/thank-you\/\"]}]},{\"@type\":\"BreadcrumbList\",\"@id\":\"https:\/\/careers.dxc.com\/pt-pt\/profile\/thank-you\/#breadcrumb\",\"itemListElement\":[{\"@type\":\"ListItem\",\"position\":1,\"name\":\"Home\",\"item\":\"https:\/\/careers.dxc.com\/pt-pt\/\"},{\"@type\":\"ListItem\",\"position\":2,\"name\":\"Profile\",\"item\":\"https:\/\/careers.dxc.com\/pt-pt\/profile\/\"},{\"@type\":\"ListItem\",\"position\":3,\"name\":\"Thank you &#8211; Portuguese\"}]},{\"@type\":\"WebSite\",\"@id\":\"https:\/\/dxc.site.findly.com\/#website\",\"url\":\"https:\/\/dxc.site.findly.com\/\",\"name\":\"Symphony Talent Model Site 1\",\"description\":\"Symphony Talent - Express\",\"potentialAction\":[{\"@type\":\"SearchAction\",\"target\":{\"@type\":\"EntryPoint\",\"urlTemplate\":\"https:\/\/dxc.site.findly.com\/?s={search_term_string}\"},\"query-input\":\"required name=search_term_string\"}],\"inLanguage\":\"pt-PT\"}]}<\/script>\n<!-- \/ Yoast SEO Premium plugin. -->","yoast_head_json":{"title":"Confirma\u00e7\u00e3o de Ades\u00e3o \u00e0 Comunidade de Talentos | Oportunidades na DXC Technology","description":"Bem-vindo \u00e0 nossa Comunidade de Talentos. A sua ades\u00e3o foi confirmada e passar\u00e1 a receber atualiza\u00e7\u00f5es e oportunidades alinhadas com os seus interesses.","robots":{"index":"index","follow":"follow","max-snippet":"max-snippet:-1","max-image-preview":"max-image-preview:large","max-video-preview":"max-video-preview:-1"},"canonical":"https:\/\/careers.dxc.com\/pt-pt\/profile\/thank-you\/","og_locale":"pt_PT","og_type":"article","og_title":"Thank you - Portuguese","og_description":"Bem-vindo \u00e0 nossa Comunidade de Talentos. A sua ades\u00e3o foi confirmada e passar\u00e1 a receber atualiza\u00e7\u00f5es e oportunidades alinhadas com os seus interesses.","og_url":"https:\/\/careers.dxc.com\/pt-pt\/profile\/thank-you\/","og_site_name":"dxc","article_modified_time":"2025-10-15T01:39:42+00:00","og_image":[{"width":1290,"height":360,"url":"https:\/\/careers.dxc.com\/wp-content\/uploads\/sites\/3790\/2025\/12\/DXC-Full-Color.png","type":"image\/png"}],"twitter_card":"summary_large_image","schema":{"@context":"https:\/\/schema.org","@graph":[{"@type":"WebPage","@id":"https:\/\/careers.dxc.com\/pt-pt\/profile\/thank-you\/","url":"https:\/\/careers.dxc.com\/pt-pt\/profile\/thank-you\/","name":"Confirma\u00e7\u00e3o de Ades\u00e3o \u00e0 Comunidade de Talentos | Oportunidades na DXC Technology","isPartOf":{"@id":"https:\/\/dxc.site.findly.com\/#website"},"datePublished":"2022-08-05T01:02:11+00:00","dateModified":"2025-10-15T01:39:42+00:00","description":"Bem-vindo \u00e0 nossa Comunidade de Talentos. A sua ades\u00e3o foi confirmada e passar\u00e1 a receber atualiza\u00e7\u00f5es e oportunidades alinhadas com os seus interesses.","breadcrumb":{"@id":"https:\/\/careers.dxc.com\/pt-pt\/profile\/thank-you\/#breadcrumb"},"inLanguage":"pt-PT","potentialAction":[{"@type":"ReadAction","target":["https:\/\/careers.dxc.com\/pt-pt\/profile\/thank-you\/"]}]},{"@type":"BreadcrumbList","@id":"https:\/\/careers.dxc.com\/pt-pt\/profile\/thank-you\/#breadcrumb","itemListElement":[{"@type":"ListItem","position":1,"name":"Home","item":"https:\/\/careers.dxc.com\/pt-pt\/"},{"@type":"ListItem","position":2,"name":"Profile","item":"https:\/\/careers.dxc.com\/pt-pt\/profile\/"},{"@type":"ListItem","position":3,"name":"Thank you &#8211; Portuguese"}]},{"@type":"WebSite","@id":"https:\/\/dxc.site.findly.com\/#website","url":"https:\/\/dxc.site.findly.com\/","name":"Symphony Talent Model Site 1","description":"Symphony Talent - Express","potentialAction":[{"@type":"SearchAction","target":{"@type":"EntryPoint","urlTemplate":"https:\/\/dxc.site.findly.com\/?s={search_term_string}"},"query-input":"required name=search_term_string"}],"inLanguage":"pt-PT"}]}},"acf":[],"_links":{"self":[{"href":"https:\/\/careers.dxc.com\/pt-pt\/wp-json\/wp\/v2\/pages\/7366","targetHints":{"allow":["GET"]}}],"collection":[{"href":"https:\/\/careers.dxc.com\/pt-pt\/wp-json\/wp\/v2\/pages"}],"about":[{"href":"https:\/\/careers.dxc.com\/pt-pt\/wp-json\/wp\/v2\/types\/page"}],"author":[{"embeddable":true,"href":"https:\/\/careers.dxc.com\/pt-pt\/wp-json\/wp\/v2\/users\/1997"}],"replies":[{"embeddable":true,"href":"https:\/\/careers.dxc.com\/pt-pt\/wp-json\/wp\/v2\/comments?post=7366"}],"version-history":[{"count":4,"href":"https:\/\/careers.dxc.com\/pt-pt\/wp-json\/wp\/v2\/pages\/7366\/revisions"}],"predecessor-version":[{"id":7830,"href":"https:\/\/careers.dxc.com\/pt-pt\/wp-json\/wp\/v2\/pages\/7366\/revisions\/7830"}],"up":[{"embeddable":true,"href":"https:\/\/careers.dxc.com\/pt-pt\/wp-json\/wp\/v2\/pages\/7296"}],"wp:attachment":[{"href":"https:\/\/careers.dxc.com\/pt-pt\/wp-json\/wp\/v2\/media?parent=7366"}],"wp:term":[{"taxonomy":"persona","embeddable":true,"href":"https:\/\/careers.dxc.com\/pt-pt\/wp-json\/wp\/v2\/persona?post=7366"}],"curies":[{"name":"wp","href":"https:\/\/api.w.org\/{rel}","templated":true}]}}