{"id":7372,"date":"2022-08-05T01:02:11","date_gmt":"2022-08-05T01:02:11","guid":{"rendered":"https:\/\/dxc-wpml.site.findly.com\/?page_id=7372"},"modified":"2025-10-15T01:43:05","modified_gmt":"2025-10-15T01:43:05","slug":"thank-you","status":"publish","type":"page","link":"https:\/\/careers.dxc.com\/vi\/profile\/thank-you\/","title":{"rendered":"Thank you &#8211; Vietnamese"},"content":{"rendered":"<div id=\"sessionNotificationContainer\"><\/div>\n<div id=\"genericContainer\"><\/div>\n<div ng-view><\/div>\n","protected":false},"excerpt":{"rendered":"","protected":false},"author":1997,"featured_media":0,"parent":7298,"menu_order":0,"comment_status":"closed","ping_status":"closed","template":"","meta":{"_acf_changed":false,"footnotes":""},"persona":[],"class_list":["post-7372","page","type-page","status-publish","hentry"],"yoast_head":"<!-- This site is optimized with the Yoast SEO Premium plugin v23.0 (Yoast SEO v23.0) - https:\/\/yoast.com\/wordpress\/plugins\/seo\/ -->\n<title>X\u00e1c nh\u1eadn tham gia M\u1ea1ng l\u01b0\u1edbi Nh\u00e2n t\u00e0i | Vi\u1ec7c l\u00e0m t\u1ea1i DXC Technology<\/title>\n<meta name=\"description\" content=\"Ch\u00e0o m\u1eebng b\u1ea1n \u0111\u1ebfn v\u1edbi M\u1ea1ng l\u01b0\u1edbi Nh\u00e2n t\u00e0i c\u1ee7a ch\u00fang t\u00f4i. Vi\u1ec7c x\u00e1c nh\u1eadn tham gia \u0111\u00e3 ho\u00e0n t\u1ea5t, v\u00e0 b\u1ea1n s\u1ebd b\u1eaft \u0111\u1ea7u nh\u1eadn \u0111\u01b0\u1ee3c c\u00e1c th\u00f4ng tin c\u1eadp nh\u1eadt v\u00e0 c\u01a1 h\u1ed9i ngh\u1ec1 nghi\u1ec7p ph\u00f9 h\u1ee3p v\u1edbi m\u1ed1i quan t\u00e2m c\u1ee7a m\u00ecnh.\" \/>\n<meta name=\"robots\" content=\"index, follow, max-snippet:-1, max-image-preview:large, max-video-preview:-1\" \/>\n<link rel=\"canonical\" href=\"https:\/\/careers.dxc.com\/profile\/thank-you\/\" \/>\n<meta property=\"og:locale\" content=\"vi_VN\" \/>\n<meta property=\"og:type\" content=\"article\" \/>\n<meta property=\"og:title\" content=\"Thank you - Vietnamese\" \/>\n<meta property=\"og:description\" content=\"Ch\u00e0o m\u1eebng b\u1ea1n \u0111\u1ebfn v\u1edbi M\u1ea1ng l\u01b0\u1edbi Nh\u00e2n t\u00e0i c\u1ee7a ch\u00fang t\u00f4i. Vi\u1ec7c x\u00e1c nh\u1eadn tham gia \u0111\u00e3 ho\u00e0n t\u1ea5t, v\u00e0 b\u1ea1n s\u1ebd b\u1eaft \u0111\u1ea7u nh\u1eadn \u0111\u01b0\u1ee3c c\u00e1c th\u00f4ng tin c\u1eadp nh\u1eadt v\u00e0 c\u01a1 h\u1ed9i ngh\u1ec1 nghi\u1ec7p ph\u00f9 h\u1ee3p v\u1edbi m\u1ed1i quan t\u00e2m c\u1ee7a m\u00ecnh.\" \/>\n<meta property=\"og:url\" content=\"https:\/\/careers.dxc.com\/profile\/thank-you\/\" \/>\n<meta property=\"og:site_name\" content=\"dxc\" \/>\n<meta property=\"article:modified_time\" content=\"2025-10-15T01:43:05+00:00\" \/>\n<meta property=\"og:image\" content=\"https:\/\/careers.dxc.com\/wp-content\/uploads\/sites\/3790\/2025\/12\/DXC-Full-Color.png\" \/>\n\t<meta property=\"og:image:width\" content=\"1290\" \/>\n\t<meta property=\"og:image:height\" content=\"360\" \/>\n\t<meta property=\"og:image:type\" content=\"image\/png\" \/>\n<meta name=\"twitter:card\" content=\"summary_large_image\" \/>\n<script type=\"application\/ld+json\" class=\"yoast-schema-graph\">{\"@context\":\"https:\/\/schema.org\",\"@graph\":[{\"@type\":\"WebPage\",\"@id\":\"https:\/\/careers.dxc.com\/profile\/thank-you\/\",\"url\":\"https:\/\/careers.dxc.com\/profile\/thank-you\/\",\"name\":\"X\u00e1c nh\u1eadn tham gia M\u1ea1ng l\u01b0\u1edbi Nh\u00e2n t\u00e0i | Vi\u1ec7c l\u00e0m t\u1ea1i DXC Technology\",\"isPartOf\":{\"@id\":\"https:\/\/dxc.site.findly.com\/#website\"},\"datePublished\":\"2022-08-05T01:02:11+00:00\",\"dateModified\":\"2025-10-15T01:43:05+00:00\",\"description\":\"Ch\u00e0o m\u1eebng b\u1ea1n \u0111\u1ebfn v\u1edbi M\u1ea1ng l\u01b0\u1edbi Nh\u00e2n t\u00e0i c\u1ee7a ch\u00fang t\u00f4i. Vi\u1ec7c x\u00e1c nh\u1eadn tham gia \u0111\u00e3 ho\u00e0n t\u1ea5t, v\u00e0 b\u1ea1n s\u1ebd b\u1eaft \u0111\u1ea7u nh\u1eadn \u0111\u01b0\u1ee3c c\u00e1c th\u00f4ng tin c\u1eadp nh\u1eadt v\u00e0 c\u01a1 h\u1ed9i ngh\u1ec1 nghi\u1ec7p ph\u00f9 h\u1ee3p v\u1edbi m\u1ed1i quan t\u00e2m c\u1ee7a m\u00ecnh.\",\"breadcrumb\":{\"@id\":\"https:\/\/careers.dxc.com\/profile\/thank-you\/#breadcrumb\"},\"inLanguage\":\"vi-VN\",\"potentialAction\":[{\"@type\":\"ReadAction\",\"target\":[\"https:\/\/careers.dxc.com\/profile\/thank-you\/\"]}]},{\"@type\":\"BreadcrumbList\",\"@id\":\"https:\/\/careers.dxc.com\/profile\/thank-you\/#breadcrumb\",\"itemListElement\":[{\"@type\":\"ListItem\",\"position\":1,\"name\":\"Home\",\"item\":\"https:\/\/careers.dxc.com\/vi\/\"},{\"@type\":\"ListItem\",\"position\":2,\"name\":\"Profile\",\"item\":\"https:\/\/careers.dxc.com\/vi\/profile\/\"},{\"@type\":\"ListItem\",\"position\":3,\"name\":\"Thank you &#8211; Vietnamese\"}]},{\"@type\":\"WebSite\",\"@id\":\"https:\/\/dxc.site.findly.com\/#website\",\"url\":\"https:\/\/dxc.site.findly.com\/\",\"name\":\"Symphony Talent Model Site 1\",\"description\":\"Symphony Talent - Express\",\"potentialAction\":[{\"@type\":\"SearchAction\",\"target\":{\"@type\":\"EntryPoint\",\"urlTemplate\":\"https:\/\/dxc.site.findly.com\/?s={search_term_string}\"},\"query-input\":\"required name=search_term_string\"}],\"inLanguage\":\"vi-VN\"}]}<\/script>\n<!-- \/ Yoast SEO Premium plugin. -->","yoast_head_json":{"title":"X\u00e1c nh\u1eadn tham gia M\u1ea1ng l\u01b0\u1edbi Nh\u00e2n t\u00e0i | Vi\u1ec7c l\u00e0m t\u1ea1i DXC Technology","description":"Ch\u00e0o m\u1eebng b\u1ea1n \u0111\u1ebfn v\u1edbi M\u1ea1ng l\u01b0\u1edbi Nh\u00e2n t\u00e0i c\u1ee7a ch\u00fang t\u00f4i. Vi\u1ec7c x\u00e1c nh\u1eadn tham gia \u0111\u00e3 ho\u00e0n t\u1ea5t, v\u00e0 b\u1ea1n s\u1ebd b\u1eaft \u0111\u1ea7u nh\u1eadn \u0111\u01b0\u1ee3c c\u00e1c th\u00f4ng tin c\u1eadp nh\u1eadt v\u00e0 c\u01a1 h\u1ed9i ngh\u1ec1 nghi\u1ec7p ph\u00f9 h\u1ee3p v\u1edbi m\u1ed1i quan t\u00e2m c\u1ee7a m\u00ecnh.","robots":{"index":"index","follow":"follow","max-snippet":"max-snippet:-1","max-image-preview":"max-image-preview:large","max-video-preview":"max-video-preview:-1"},"canonical":"https:\/\/careers.dxc.com\/profile\/thank-you\/","og_locale":"vi_VN","og_type":"article","og_title":"Thank you - Vietnamese","og_description":"Ch\u00e0o m\u1eebng b\u1ea1n \u0111\u1ebfn v\u1edbi M\u1ea1ng l\u01b0\u1edbi Nh\u00e2n t\u00e0i c\u1ee7a ch\u00fang t\u00f4i. Vi\u1ec7c x\u00e1c nh\u1eadn tham gia \u0111\u00e3 ho\u00e0n t\u1ea5t, v\u00e0 b\u1ea1n s\u1ebd b\u1eaft \u0111\u1ea7u nh\u1eadn \u0111\u01b0\u1ee3c c\u00e1c th\u00f4ng tin c\u1eadp nh\u1eadt v\u00e0 c\u01a1 h\u1ed9i ngh\u1ec1 nghi\u1ec7p ph\u00f9 h\u1ee3p v\u1edbi m\u1ed1i quan t\u00e2m c\u1ee7a m\u00ecnh.","og_url":"https:\/\/careers.dxc.com\/profile\/thank-you\/","og_site_name":"dxc","article_modified_time":"2025-10-15T01:43:05+00:00","og_image":[{"width":1290,"height":360,"url":"https:\/\/careers.dxc.com\/wp-content\/uploads\/sites\/3790\/2025\/12\/DXC-Full-Color.png","type":"image\/png"}],"twitter_card":"summary_large_image","schema":{"@context":"https:\/\/schema.org","@graph":[{"@type":"WebPage","@id":"https:\/\/careers.dxc.com\/profile\/thank-you\/","url":"https:\/\/careers.dxc.com\/profile\/thank-you\/","name":"X\u00e1c nh\u1eadn tham gia M\u1ea1ng l\u01b0\u1edbi Nh\u00e2n t\u00e0i | Vi\u1ec7c l\u00e0m t\u1ea1i DXC Technology","isPartOf":{"@id":"https:\/\/dxc.site.findly.com\/#website"},"datePublished":"2022-08-05T01:02:11+00:00","dateModified":"2025-10-15T01:43:05+00:00","description":"Ch\u00e0o m\u1eebng b\u1ea1n \u0111\u1ebfn v\u1edbi M\u1ea1ng l\u01b0\u1edbi Nh\u00e2n t\u00e0i c\u1ee7a ch\u00fang t\u00f4i. Vi\u1ec7c x\u00e1c nh\u1eadn tham gia \u0111\u00e3 ho\u00e0n t\u1ea5t, v\u00e0 b\u1ea1n s\u1ebd b\u1eaft \u0111\u1ea7u nh\u1eadn \u0111\u01b0\u1ee3c c\u00e1c th\u00f4ng tin c\u1eadp nh\u1eadt v\u00e0 c\u01a1 h\u1ed9i ngh\u1ec1 nghi\u1ec7p ph\u00f9 h\u1ee3p v\u1edbi m\u1ed1i quan t\u00e2m c\u1ee7a m\u00ecnh.","breadcrumb":{"@id":"https:\/\/careers.dxc.com\/profile\/thank-you\/#breadcrumb"},"inLanguage":"vi-VN","potentialAction":[{"@type":"ReadAction","target":["https:\/\/careers.dxc.com\/profile\/thank-you\/"]}]},{"@type":"BreadcrumbList","@id":"https:\/\/careers.dxc.com\/profile\/thank-you\/#breadcrumb","itemListElement":[{"@type":"ListItem","position":1,"name":"Home","item":"https:\/\/careers.dxc.com\/vi\/"},{"@type":"ListItem","position":2,"name":"Profile","item":"https:\/\/careers.dxc.com\/vi\/profile\/"},{"@type":"ListItem","position":3,"name":"Thank you &#8211; Vietnamese"}]},{"@type":"WebSite","@id":"https:\/\/dxc.site.findly.com\/#website","url":"https:\/\/dxc.site.findly.com\/","name":"Symphony Talent Model Site 1","description":"Symphony Talent - Express","potentialAction":[{"@type":"SearchAction","target":{"@type":"EntryPoint","urlTemplate":"https:\/\/dxc.site.findly.com\/?s={search_term_string}"},"query-input":"required name=search_term_string"}],"inLanguage":"vi-VN"}]}},"acf":[],"_links":{"self":[{"href":"https:\/\/careers.dxc.com\/vi\/wp-json\/wp\/v2\/pages\/7372","targetHints":{"allow":["GET"]}}],"collection":[{"href":"https:\/\/careers.dxc.com\/vi\/wp-json\/wp\/v2\/pages"}],"about":[{"href":"https:\/\/careers.dxc.com\/vi\/wp-json\/wp\/v2\/types\/page"}],"author":[{"embeddable":true,"href":"https:\/\/careers.dxc.com\/vi\/wp-json\/wp\/v2\/users\/1997"}],"replies":[{"embeddable":true,"href":"https:\/\/careers.dxc.com\/vi\/wp-json\/wp\/v2\/comments?post=7372"}],"version-history":[{"count":4,"href":"https:\/\/careers.dxc.com\/vi\/wp-json\/wp\/v2\/pages\/7372\/revisions"}],"predecessor-version":[{"id":7832,"href":"https:\/\/careers.dxc.com\/vi\/wp-json\/wp\/v2\/pages\/7372\/revisions\/7832"}],"up":[{"embeddable":true,"href":"https:\/\/careers.dxc.com\/vi\/wp-json\/wp\/v2\/pages\/7298"}],"wp:attachment":[{"href":"https:\/\/careers.dxc.com\/vi\/wp-json\/wp\/v2\/media?parent=7372"}],"wp:term":[{"taxonomy":"persona","embeddable":true,"href":"https:\/\/careers.dxc.com\/vi\/wp-json\/wp\/v2\/persona?post=7372"}],"curies":[{"name":"wp","href":"https:\/\/api.w.org\/{rel}","templated":true}]}}