{"id":7679,"date":"2024-03-27T03:31:44","date_gmt":"2024-03-27T03:31:44","guid":{"rendered":"https:\/\/dxc-wpml.site.findly.com\/?page_id=7679"},"modified":"2025-10-22T11:15:13","modified_gmt":"2025-10-22T11:15:13","slug":"job-cart","status":"publish","type":"page","link":"https:\/\/careers.dxc.com\/vi\/job-cart\/","title":{"rendered":"Job Cart"},"content":{"rendered":"<div class=\"fusion-fullwidth fullwidth-box fusion-builder-row-1 fusion-flex-container has-pattern-background has-mask-background mob-pad-top-0 nonhundred-percent-fullwidth non-hundred-percent-height-scrolling\" style=\"--awb-border-radius-top-left:0px;--awb-border-radius-top-right:0px;--awb-border-radius-bottom-right:0px;--awb-border-radius-bottom-left:0px;--awb-padding-top:60px;--awb-padding-bottom:60px;--awb-flex-wrap:wrap;\" aria-label=\"\" role=\"\" ><div class=\"fusion-builder-row fusion-row fusion-flex-align-items-flex-start fusion-flex-content-wrap\" style=\"max-width:calc( 1200px + 80px );margin-left: calc(-80px \/ 2 );margin-right: calc(-80px \/ 2 );\"><div class=\"fusion-layout-column fusion_builder_column fusion-builder-column-0 fusion_builder_column_1_1 1_1 fusion-flex-column saved-jobs\" style=\"--awb-bg-size:cover;--awb-width-large:100%;--awb-margin-top-large:0px;--awb-spacing-right-large:40px;--awb-margin-bottom-large:0px;--awb-spacing-left-large:40px;--awb-width-medium:100%;--awb-order-medium:0;--awb-spacing-right-medium:40px;--awb-spacing-left-medium:40px;--awb-width-small:100%;--awb-order-small:0;--awb-spacing-right-small:40px;--awb-spacing-left-small:40px;\"><div class=\"fusion-column-wrapper fusion-column-has-shadow fusion-flex-justify-content-flex-start fusion-content-layout-column\"><div class=\"fusion-title title fusion-title-1 fusion-sep-none fusion-title-text fusion-title-size-one\" style=\"--awb-text-color:var(--awb-color8);--awb-margin-bottom:30px;\"><h1 class=\"fusion-title-heading title-heading-left\" style=\"margin:0;text-transform:none;\">Vi\u1ec7c l\u00e0m \u0111\u00e3 l\u01b0u<\/h1><\/div><div class=\"fusion-separator\" style=\"align-self: flex-start;margin-right:auto;margin-bottom:50px;width:100%;max-width:80px;\"><div class=\"fusion-separator-border sep-single sep-solid\" style=\"--awb-height:20px;--awb-amount:20px;--awb-sep-color:var(--awb-color5);border-color:var(--awb-color5);border-top-width:3px;\"><\/div><\/div><div class=\"fusion-text fusion-text-1\"><div class=\"jobcart\"><div class=\"error\" style=\"display:block;\"><p>There are no jobs in your cart!<\/p><\/div><\/div> <\/div><\/div><\/div><\/div><\/div>\n","protected":false},"excerpt":{"rendered":"","protected":false},"author":1583,"featured_media":0,"parent":0,"menu_order":11,"comment_status":"closed","ping_status":"closed","template":"100-width.php","meta":{"_acf_changed":false,"footnotes":""},"persona":[],"class_list":["post-7679","page","type-page","status-publish","hentry"],"yoast_head":"<!-- This site is optimized with the Yoast SEO Premium plugin v23.0 (Yoast SEO v23.0) - https:\/\/yoast.com\/wordpress\/plugins\/seo\/ -->\n<title>Vi\u1ec7c l\u00e0m \u0111\u00e3 l\u01b0u | Vi\u1ec7c l\u00e0m t\u1ea1i DXC Technology<\/title>\n<meta name=\"description\" content=\"Xem l\u1ea1i c\u00e1c c\u00f4ng vi\u1ec7c b\u1ea1n \u0111\u00e3 l\u01b0u trong qu\u00e1 tr\u00ecnh truy c\u1eadp. Quay l\u1ea1i c\u00e1c c\u01a1 h\u1ed9i \u0111\u00e3 l\u01b0u \u0111\u1ec3 xem chi ti\u1ebft v\u00e0 quy\u1ebft \u0111\u1ecbnh v\u1ecb tr\u00ed b\u1ea1n mu\u1ed1n theo \u0111u\u1ed5i.\" \/>\n<meta name=\"robots\" content=\"index, follow, max-snippet:-1, max-image-preview:large, max-video-preview:-1\" \/>\n<link rel=\"canonical\" href=\"https:\/\/careers.dxc.com\/vi\/job-cart\/\" \/>\n<meta property=\"og:locale\" content=\"vi_VN\" \/>\n<meta property=\"og:type\" content=\"article\" \/>\n<meta property=\"og:title\" content=\"Job Cart\" \/>\n<meta property=\"og:description\" content=\"Xem l\u1ea1i c\u00e1c c\u00f4ng vi\u1ec7c b\u1ea1n \u0111\u00e3 l\u01b0u trong qu\u00e1 tr\u00ecnh truy c\u1eadp. Quay l\u1ea1i c\u00e1c c\u01a1 h\u1ed9i \u0111\u00e3 l\u01b0u \u0111\u1ec3 xem chi ti\u1ebft v\u00e0 quy\u1ebft \u0111\u1ecbnh v\u1ecb tr\u00ed b\u1ea1n mu\u1ed1n theo \u0111u\u1ed5i.\" \/>\n<meta property=\"og:url\" content=\"https:\/\/careers.dxc.com\/vi\/job-cart\/\" \/>\n<meta property=\"og:site_name\" content=\"dxc\" \/>\n<meta property=\"article:modified_time\" content=\"2025-10-22T11:15:13+00:00\" \/>\n<meta property=\"og:image\" content=\"https:\/\/careers.dxc.com\/wp-content\/uploads\/sites\/3790\/2025\/12\/DXC-Full-Color.png\" \/>\n\t<meta property=\"og:image:width\" content=\"1290\" \/>\n\t<meta property=\"og:image:height\" content=\"360\" \/>\n\t<meta property=\"og:image:type\" content=\"image\/png\" \/>\n<meta name=\"twitter:card\" content=\"summary_large_image\" \/>\n<meta name=\"twitter:label1\" content=\"Est. reading time\" \/>\n\t<meta name=\"twitter:data1\" content=\"1 minute\" \/>\n<script type=\"application\/ld+json\" class=\"yoast-schema-graph\">{\"@context\":\"https:\/\/schema.org\",\"@graph\":[{\"@type\":\"WebPage\",\"@id\":\"https:\/\/careers.dxc.com\/vi\/job-cart\/\",\"url\":\"https:\/\/careers.dxc.com\/vi\/job-cart\/\",\"name\":\"Vi\u1ec7c l\u00e0m \u0111\u00e3 l\u01b0u | Vi\u1ec7c l\u00e0m t\u1ea1i DXC Technology\",\"isPartOf\":{\"@id\":\"https:\/\/dxc.site.findly.com\/#website\"},\"datePublished\":\"2024-03-27T03:31:44+00:00\",\"dateModified\":\"2025-10-22T11:15:13+00:00\",\"description\":\"Xem l\u1ea1i c\u00e1c c\u00f4ng vi\u1ec7c b\u1ea1n \u0111\u00e3 l\u01b0u trong qu\u00e1 tr\u00ecnh truy c\u1eadp. Quay l\u1ea1i c\u00e1c c\u01a1 h\u1ed9i \u0111\u00e3 l\u01b0u \u0111\u1ec3 xem chi ti\u1ebft v\u00e0 quy\u1ebft \u0111\u1ecbnh v\u1ecb tr\u00ed b\u1ea1n mu\u1ed1n theo \u0111u\u1ed5i.\",\"breadcrumb\":{\"@id\":\"https:\/\/careers.dxc.com\/vi\/job-cart\/#breadcrumb\"},\"inLanguage\":\"vi-VN\",\"potentialAction\":[{\"@type\":\"ReadAction\",\"target\":[\"https:\/\/careers.dxc.com\/vi\/job-cart\/\"]}]},{\"@type\":\"BreadcrumbList\",\"@id\":\"https:\/\/careers.dxc.com\/vi\/job-cart\/#breadcrumb\",\"itemListElement\":[{\"@type\":\"ListItem\",\"position\":1,\"name\":\"Home\",\"item\":\"https:\/\/careers.dxc.com\/vi\/\"},{\"@type\":\"ListItem\",\"position\":2,\"name\":\"Job Cart\"}]},{\"@type\":\"WebSite\",\"@id\":\"https:\/\/dxc.site.findly.com\/#website\",\"url\":\"https:\/\/dxc.site.findly.com\/\",\"name\":\"Symphony Talent Model Site 1\",\"description\":\"Symphony Talent - Express\",\"potentialAction\":[{\"@type\":\"SearchAction\",\"target\":{\"@type\":\"EntryPoint\",\"urlTemplate\":\"https:\/\/dxc.site.findly.com\/?s={search_term_string}\"},\"query-input\":\"required name=search_term_string\"}],\"inLanguage\":\"vi-VN\"}]}<\/script>\n<!-- \/ Yoast SEO Premium plugin. -->","yoast_head_json":{"title":"Vi\u1ec7c l\u00e0m \u0111\u00e3 l\u01b0u | Vi\u1ec7c l\u00e0m t\u1ea1i DXC Technology","description":"Xem l\u1ea1i c\u00e1c c\u00f4ng vi\u1ec7c b\u1ea1n \u0111\u00e3 l\u01b0u trong qu\u00e1 tr\u00ecnh truy c\u1eadp. Quay l\u1ea1i c\u00e1c c\u01a1 h\u1ed9i \u0111\u00e3 l\u01b0u \u0111\u1ec3 xem chi ti\u1ebft v\u00e0 quy\u1ebft \u0111\u1ecbnh v\u1ecb tr\u00ed b\u1ea1n mu\u1ed1n theo \u0111u\u1ed5i.","robots":{"index":"index","follow":"follow","max-snippet":"max-snippet:-1","max-image-preview":"max-image-preview:large","max-video-preview":"max-video-preview:-1"},"canonical":"https:\/\/careers.dxc.com\/vi\/job-cart\/","og_locale":"vi_VN","og_type":"article","og_title":"Job Cart","og_description":"Xem l\u1ea1i c\u00e1c c\u00f4ng vi\u1ec7c b\u1ea1n \u0111\u00e3 l\u01b0u trong qu\u00e1 tr\u00ecnh truy c\u1eadp. Quay l\u1ea1i c\u00e1c c\u01a1 h\u1ed9i \u0111\u00e3 l\u01b0u \u0111\u1ec3 xem chi ti\u1ebft v\u00e0 quy\u1ebft \u0111\u1ecbnh v\u1ecb tr\u00ed b\u1ea1n mu\u1ed1n theo \u0111u\u1ed5i.","og_url":"https:\/\/careers.dxc.com\/vi\/job-cart\/","og_site_name":"dxc","article_modified_time":"2025-10-22T11:15:13+00:00","og_image":[{"width":1290,"height":360,"url":"https:\/\/careers.dxc.com\/wp-content\/uploads\/sites\/3790\/2025\/12\/DXC-Full-Color.png","type":"image\/png"}],"twitter_card":"summary_large_image","twitter_misc":{"Est. reading time":"1 minute"},"schema":{"@context":"https:\/\/schema.org","@graph":[{"@type":"WebPage","@id":"https:\/\/careers.dxc.com\/vi\/job-cart\/","url":"https:\/\/careers.dxc.com\/vi\/job-cart\/","name":"Vi\u1ec7c l\u00e0m \u0111\u00e3 l\u01b0u | Vi\u1ec7c l\u00e0m t\u1ea1i DXC Technology","isPartOf":{"@id":"https:\/\/dxc.site.findly.com\/#website"},"datePublished":"2024-03-27T03:31:44+00:00","dateModified":"2025-10-22T11:15:13+00:00","description":"Xem l\u1ea1i c\u00e1c c\u00f4ng vi\u1ec7c b\u1ea1n \u0111\u00e3 l\u01b0u trong qu\u00e1 tr\u00ecnh truy c\u1eadp. Quay l\u1ea1i c\u00e1c c\u01a1 h\u1ed9i \u0111\u00e3 l\u01b0u \u0111\u1ec3 xem chi ti\u1ebft v\u00e0 quy\u1ebft \u0111\u1ecbnh v\u1ecb tr\u00ed b\u1ea1n mu\u1ed1n theo \u0111u\u1ed5i.","breadcrumb":{"@id":"https:\/\/careers.dxc.com\/vi\/job-cart\/#breadcrumb"},"inLanguage":"vi-VN","potentialAction":[{"@type":"ReadAction","target":["https:\/\/careers.dxc.com\/vi\/job-cart\/"]}]},{"@type":"BreadcrumbList","@id":"https:\/\/careers.dxc.com\/vi\/job-cart\/#breadcrumb","itemListElement":[{"@type":"ListItem","position":1,"name":"Home","item":"https:\/\/careers.dxc.com\/vi\/"},{"@type":"ListItem","position":2,"name":"Job Cart"}]},{"@type":"WebSite","@id":"https:\/\/dxc.site.findly.com\/#website","url":"https:\/\/dxc.site.findly.com\/","name":"Symphony Talent Model Site 1","description":"Symphony Talent - Express","potentialAction":[{"@type":"SearchAction","target":{"@type":"EntryPoint","urlTemplate":"https:\/\/dxc.site.findly.com\/?s={search_term_string}"},"query-input":"required name=search_term_string"}],"inLanguage":"vi-VN"}]}},"acf":[],"_links":{"self":[{"href":"https:\/\/careers.dxc.com\/vi\/wp-json\/wp\/v2\/pages\/7679","targetHints":{"allow":["GET"]}}],"collection":[{"href":"https:\/\/careers.dxc.com\/vi\/wp-json\/wp\/v2\/pages"}],"about":[{"href":"https:\/\/careers.dxc.com\/vi\/wp-json\/wp\/v2\/types\/page"}],"author":[{"embeddable":true,"href":"https:\/\/careers.dxc.com\/vi\/wp-json\/wp\/v2\/users\/1583"}],"replies":[{"embeddable":true,"href":"https:\/\/careers.dxc.com\/vi\/wp-json\/wp\/v2\/comments?post=7679"}],"version-history":[{"count":3,"href":"https:\/\/careers.dxc.com\/vi\/wp-json\/wp\/v2\/pages\/7679\/revisions"}],"predecessor-version":[{"id":8253,"href":"https:\/\/careers.dxc.com\/vi\/wp-json\/wp\/v2\/pages\/7679\/revisions\/8253"}],"wp:attachment":[{"href":"https:\/\/careers.dxc.com\/vi\/wp-json\/wp\/v2\/media?parent=7679"}],"wp:term":[{"taxonomy":"persona","embeddable":true,"href":"https:\/\/careers.dxc.com\/vi\/wp-json\/wp\/v2\/persona?post=7679"}],"curies":[{"name":"wp","href":"https:\/\/api.w.org\/{rel}","templated":true}]}}